{"id":354,"date":"2021-04-09T02:28:20","date_gmt":"2021-04-09T01:28:20","guid":{"rendered":"https:\/\/ccts.aniamalinowska.com\/?page_id=354"},"modified":"2021-04-12T14:58:30","modified_gmt":"2021-04-12T13:58:30","slug":"kontakt","status":"publish","type":"page","link":"https:\/\/ccts.aniamalinowska.com\/pl\/kontakt\/","title":{"rendered":"Kontakt"},"content":{"rendered":"\n<p><strong>Centrum Bada\u0144 Krytycznych nad Technologiami<br><\/strong>Uniwersytet \u015al\u0105ski w Katowicach<br>ul. Grota-Roweckiego 5 \/ 1.6<br>41-200 Sosnowiec<br>email: <a href=\"mailto:ccts@us.edu.pl\">ccts@us.edu.pl<\/a><\/p>\n","protected":false},"excerpt":{"rendered":"<p>Centrum Bada\u0144 Krytycznych nad TechnologiamiUniwersytet \u015al\u0105ski w Katowicachul. Grota-Roweckiego 5 \/ 1.641-200 Sosnowiecemail: ccts@us.edu.pl<\/p>\n","protected":false},"author":1,"featured_media":0,"parent":0,"menu_order":0,"comment_status":"closed","ping_status":"closed","template":"","meta":{"footnotes":""},"class_list":["post-354","page","type-page","status-publish","hentry","entry"],"_links":{"self":[{"href":"https:\/\/ccts.aniamalinowska.com\/pl\/wp-json\/wp\/v2\/pages\/354","targetHints":{"allow":["GET"]}}],"collection":[{"href":"https:\/\/ccts.aniamalinowska.com\/pl\/wp-json\/wp\/v2\/pages"}],"about":[{"href":"https:\/\/ccts.aniamalinowska.com\/pl\/wp-json\/wp\/v2\/types\/page"}],"author":[{"embeddable":true,"href":"https:\/\/ccts.aniamalinowska.com\/pl\/wp-json\/wp\/v2\/users\/1"}],"replies":[{"embeddable":true,"href":"https:\/\/ccts.aniamalinowska.com\/pl\/wp-json\/wp\/v2\/comments?post=354"}],"version-history":[{"count":2,"href":"https:\/\/ccts.aniamalinowska.com\/pl\/wp-json\/wp\/v2\/pages\/354\/revisions"}],"predecessor-version":[{"id":408,"href":"https:\/\/ccts.aniamalinowska.com\/pl\/wp-json\/wp\/v2\/pages\/354\/revisions\/408"}],"wp:attachment":[{"href":"https:\/\/ccts.aniamalinowska.com\/pl\/wp-json\/wp\/v2\/media?parent=354"}],"curies":[{"name":"wp","href":"https:\/\/api.w.org\/{rel}","templated":true}]}}