{"id":358,"date":"2021-04-09T02:34:21","date_gmt":"2021-04-09T01:34:21","guid":{"rendered":"https:\/\/ccts.aniamalinowska.com\/?page_id=358"},"modified":"2021-05-18T13:24:45","modified_gmt":"2021-05-18T12:24:45","slug":"zespol","status":"publish","type":"page","link":"https:\/\/ccts.aniamalinowska.com\/pl\/zespol\/","title":{"rendered":"Zesp\u00f3\u0142"},"content":{"rendered":"\n<div class=\"wp-block-image\"><figure class=\"alignleft size-large is-resized\"><img loading=\"lazy\" decoding=\"async\" src=\"https:\/\/ccts.aniamalinowska.com\/wp-content\/uploads\/2021\/03\/krzykawski.jpg\" alt=\"Micha\u0142 Krzykawski\" class=\"wp-image-259\" width=\"450\" height=\"450\" srcset=\"https:\/\/ccts.aniamalinowska.com\/wp-content\/uploads\/2021\/03\/krzykawski.jpg 600w, https:\/\/ccts.aniamalinowska.com\/wp-content\/uploads\/2021\/03\/krzykawski-300x300.jpg 300w, https:\/\/ccts.aniamalinowska.com\/wp-content\/uploads\/2021\/03\/krzykawski-150x150.jpg 150w\" sizes=\"auto, (max-width: 450px) 100vw, 450px\" \/><\/figure><\/div>\n\n\n\n<p><strong>Micha\u0142 Krzykawski<\/strong> \u2013 naukowy poliamorysta, t\u0142umacz i profesor (filozofia\/literatura) na Wydziale Humanistycznym Uniwersytetu \u015al\u0105skiego w Katowicach. Blisko wsp\u00f3\u0142pracowa\u0142 z Bernardem Stieglerem. Jego prace badawcze dotycz\u0105 filozofii nieanalitycznej i d\u0105\u017c\u0105 do budowania dialogu mi\u0119dzy my\u015bleniem filozoficznym a technik\u0105 i naukami. Autor i wsp\u00f3\u0142autor wielu artyku\u0142\u00f3w, rozdzia\u0142\u00f3w i ksi\u0105\u017cek po\u015bwi\u0119conych wsp\u00f3\u0142czesnej filozofii, literaturze francuskiej, ekonomii politycznej i filozofii techniki, mi\u0119dzy innymi: <em>Bifurquer. Il n\u2019y a pas d\u2019alternative<\/em> (pod redakcj\u0105 Bernarda Stieglera i Kolektywu Internacja, Paris 2020) i <em>Inne i wsp\u00f3lne. Trzydzie\u015bci pi\u0119\u0107 lat francuskiej filozofii<\/em> (Warszawa 2017). Wraz z Anne Alombert (Universit\u00e9 Catholique de Lille) prowadzi obecnie otwarte seminarium <em>P\u00e6nser une exosomatisation n\u00e9guanthropique<\/em>, kt\u00f3rego celem jest rozwijanie i popularyzowanie poj\u0119\u0107 zarysowanych w <em>Bifurquer<\/em>.<\/p>\n\n\n\n<div class=\"wp-block-file\"><a href=\"https:\/\/ccts.aniamalinowska.com\/wp-content\/uploads\/2021\/04\/Krzykawski_CV.pdf\">Krzykawski_CV (pdf 576 kB)<\/a><\/div>\n\n\n\n<div class=\"wp-block-image\"><figure class=\"alignleft size-large is-resized\"><img loading=\"lazy\" decoding=\"async\" src=\"https:\/\/ccts.aniamalinowska.com\/wp-content\/uploads\/2021\/03\/malinowska.jpg\" alt=\"Ania Malinowska\" class=\"wp-image-261\" width=\"450\" height=\"450\" srcset=\"https:\/\/ccts.aniamalinowska.com\/wp-content\/uploads\/2021\/03\/malinowska.jpg 600w, https:\/\/ccts.aniamalinowska.com\/wp-content\/uploads\/2021\/03\/malinowska-300x300.jpg 300w, https:\/\/ccts.aniamalinowska.com\/wp-content\/uploads\/2021\/03\/malinowska-150x150.jpg 150w\" sizes=\"auto, (max-width: 450px) 100vw, 450px\" \/><\/figure><\/div>\n\n\n\n<p><strong>Ania Malinowska<\/strong> \u2013 autorka, teoretyczka kulturowa i profesora (nauki o kulturze i medioznawstwo) na Wydziale Humanistycznym Uniwersytetu \u015al\u0105skiego w Katowicach. Pracowa\u0142a r\u00f3wnie\u017c w the New School of Social Research w Nowym Jorku jako stypendystka Fulbrighta. Jej prace badawcze s\u0105 po\u015bwi\u0119cone teorii kulturowej, studiom nad mi\u0142o\u015bci\u0105, humanistyce cyfrowej i robotyce krytycznej, a w szczeg\u00f3lno\u015bci kszta\u0142towaniu si\u0119 norm kulturowych oraz kod\u00f3w spo\u0142ecznych, emocjonalnych i estetycznych w kontek\u015bcie cyfrowo\u015bci. Autorka i wsp\u00f3\u0142autorka artyku\u0142\u00f3w, rozdzia\u0142\u00f3w i ksi\u0105\u017cek na temat kondycji posthumanistycznej i technologii afektu, mi\u0119dzy innymi: <em>Love in Contemporary<\/em>&nbsp;<em>Technoculture<\/em>&nbsp;(Cambridge University Press 2021), (wraz z Karolin\u0105 Lebek)&nbsp;<em>Materiality and Popular Culture. The Popular Life of Things<\/em>&nbsp;(Routledge 2017), (wraz z Michaelem Gratzke)&nbsp;<em>The Materiality of Love. Essays of Affection and Cultural Practice<\/em>&nbsp;(Routledge 2018) i (wraz z Tobym Millerem) \u201cMedia and Emotions. The New Frontiers of Affect in Digital Culture\u201d (wydanie specjalne Open Cultural Studies, 2017).<\/p>\n\n\n\n<div class=\"wp-block-file\"><a href=\"https:\/\/ccts.aniamalinowska.com\/wp-content\/uploads\/2021\/04\/Malinowska_CV.pdf\">Malinowska_CV (pdf 676 kB)<\/a><\/div>\n\n\n\n<div class=\"wp-block-image\"><figure class=\"alignleft size-large is-resized\"><img loading=\"lazy\" decoding=\"async\" src=\"https:\/\/ccts.aniamalinowska.com\/wp-content\/uploads\/2021\/03\/grebowicz.jpg\" alt=\"Margret Grebowicz\" class=\"wp-image-263\" width=\"450\" height=\"450\" srcset=\"https:\/\/ccts.aniamalinowska.com\/wp-content\/uploads\/2021\/03\/grebowicz.jpg 600w, https:\/\/ccts.aniamalinowska.com\/wp-content\/uploads\/2021\/03\/grebowicz-300x300.jpg 300w, https:\/\/ccts.aniamalinowska.com\/wp-content\/uploads\/2021\/03\/grebowicz-150x150.jpg 150w\" sizes=\"auto, (max-width: 450px) 100vw, 450px\" \/><\/figure><\/div>\n\n\n\n<p><strong>Margret Grebowicz<\/strong> jest autork\u0105 <em>Mountains and Desire: Climbing vs. The End of the World,<\/em>&nbsp;<em>Whale Song<\/em>,&nbsp;<em>The National Park to Come<\/em>,&nbsp;<em>Why Internet Porn Matters<\/em>, and&nbsp;<em>Beyond the Cyborg: Adventures with Donna Haraway<\/em>, a tak\u017ce wielu artyku\u0142\u00f3w po\u015bwi\u0119conych wyobra\u017ani \u015brodowiskowej, p\u0142ci kulturowej i seksualno\u015bci, dziczy, studio nad zwierz\u0119tami i filozofii francuskiej po 68 roku.<\/p>\n\n\n\n<p>Jej zatrudnienie na stanowisku profesory w Uniwersytecie \u015al\u0105skim w Katowicach oznacza jej powr\u00f3t do Polski, gdzie si\u0119 urodzi\u0142a. Margret odebra\u0142a edukacj\u0119 w Stanach Zjednoczonych. Rozpraw\u0119 doktorsk\u0105 obroni\u0142a w Emory University, gdzie jednym z jej mentor\u00f3w by\u0142 Jean-Fran\u00e7ois Lyotard. Jako profesora filozofii wyk\u0142ada\u0142a na kilku uniwersytetach, pracowa\u0142a r\u00f3wnie\u017c jako t\u0142umaczka i by\u0142a wokalistk\u0105 jazzow\u0105. Jej ostatnie eseje mo\u017cna przeczyta\u0107 w The Philosophical Salon i The Atlantic. Jest wsp\u00f3\u0142redaktork\u0105 tomu <em>Lyotard and Critical Practice<\/em>, kt\u00f3ry wkr\u00f3tce uka\u017ce si\u0119 nak\u0142adem Bloomsbury. Stypendystka Fulbrighta i Leverhulme Trust, wyk\u0142ada\u0142a w Stanach Zjednoczonych, Wielkiej Brytanii i Rosji.<\/p>\n\n\n\n<p>Margret przebywa obecnie na inauguracyjnej rezydencji badawczej w zakresie usytuowanej filozofii w Centre for Philosophical Technologies w Arizona State University. Pracuje r\u00f3wnie\u017c nad <em>Rescue Me<\/em>, kr\u00f3tk\u0105 ksi\u0105\u017ck\u0105 na temat kultury w\u0142a\u015bcicieli ps\u00f3w oraz prowadzi por\u00f3wnawcze i transregionalne badania nad systemami zarz\u0105dzania obszarami dzikiej przyrody.<\/p>\n\n\n\n<div class=\"wp-block-file\"><a href=\"https:\/\/ccts.aniamalinowska.com\/wp-content\/uploads\/2021\/04\/Grebowicz_CV.pdf\">Grebowicz_CV (pdf 260 kB)<\/a><\/div>\n","protected":false},"excerpt":{"rendered":"<p>Micha\u0142 Krzykawski \u2013 naukowy poliamorysta, t\u0142umacz i profesor (filozofia\/literatura) na Wydziale Humanistycznym Uniwersytetu \u015al\u0105skiego w Katowicach. Blisko wsp\u00f3\u0142pracowa\u0142 z Bernardem Stieglerem. Jego prace badawcze dotycz\u0105 filozofii nieanalitycznej i d\u0105\u017c\u0105 do budowania dialogu mi\u0119dzy my\u015bleniem filozoficznym a technik\u0105 i naukami. Autor i wsp\u00f3\u0142autor wielu artyku\u0142\u00f3w, rozdzia\u0142\u00f3w i ksi\u0105\u017cek po\u015bwi\u0119conych wsp\u00f3\u0142czesnej filozofii, literaturze francuskiej, ekonomii politycznej i&hellip; <a class=\"more-link\" href=\"https:\/\/ccts.aniamalinowska.com\/pl\/zespol\/\">Czytaj dalej <span class=\"screen-reader-text\">Zesp\u00f3\u0142<\/span><\/a><\/p>\n","protected":false},"author":1,"featured_media":0,"parent":0,"menu_order":0,"comment_status":"closed","ping_status":"closed","template":"","meta":{"footnotes":""},"class_list":["post-358","page","type-page","status-publish","hentry","entry"],"_links":{"self":[{"href":"https:\/\/ccts.aniamalinowska.com\/pl\/wp-json\/wp\/v2\/pages\/358","targetHints":{"allow":["GET"]}}],"collection":[{"href":"https:\/\/ccts.aniamalinowska.com\/pl\/wp-json\/wp\/v2\/pages"}],"about":[{"href":"https:\/\/ccts.aniamalinowska.com\/pl\/wp-json\/wp\/v2\/types\/page"}],"author":[{"embeddable":true,"href":"https:\/\/ccts.aniamalinowska.com\/pl\/wp-json\/wp\/v2\/users\/1"}],"replies":[{"embeddable":true,"href":"https:\/\/ccts.aniamalinowska.com\/pl\/wp-json\/wp\/v2\/comments?post=358"}],"version-history":[{"count":4,"href":"https:\/\/ccts.aniamalinowska.com\/pl\/wp-json\/wp\/v2\/pages\/358\/revisions"}],"predecessor-version":[{"id":425,"href":"https:\/\/ccts.aniamalinowska.com\/pl\/wp-json\/wp\/v2\/pages\/358\/revisions\/425"}],"wp:attachment":[{"href":"https:\/\/ccts.aniamalinowska.com\/pl\/wp-json\/wp\/v2\/media?parent=358"}],"curies":[{"name":"wp","href":"https:\/\/api.w.org\/{rel}","templated":true}]}}