{"id":362,"date":"2021-04-09T02:36:50","date_gmt":"2021-04-09T01:36:50","guid":{"rendered":"https:\/\/ccts.aniamalinowska.com\/?page_id=362"},"modified":"2021-04-12T14:57:30","modified_gmt":"2021-04-12T13:57:30","slug":"projekty","status":"publish","type":"page","link":"https:\/\/ccts.aniamalinowska.com\/pl\/projekty\/","title":{"rendered":"Projekty"},"content":{"rendered":"\n<p><strong><strong>Granty i stypendia<\/strong><\/strong><\/p>\n\n\n\n<p><strong>2021\u20132024, Micha\u0142 Krzykawski (lider zespo\u0142u U\u015a), CCTS (partner projektu), <em>Networking Ecologically Smart Territories<\/em>, <\/strong>Horyzont 2020 Maria Sk\u0142odowska-Curie, Research and Innovation Staff Exchange 2020, koordynator projektu: profesor Noel Fitzpatrick (Technological University Dublin). Partnerzy akademiccy: Technological University Dublin (lider konsorcjum), Institut de recherche et d\u2019innovation Centre Pompidou, Universit\u00e9 Paris Lumi\u00e8res, Universitet \u015al\u0105ski w Katowicach (CCTS), Universidad de las Artes de Ecuador i University of California, Berkeley. Partnerzy nieakademiccy: Dublin City Council, D\u00e9partement de la Seine-Saint-Denis (FR), Fabryka Pe\u0142na \u017bycia w D\u0105browie G\u00f3rniczej, Phosph\u00e8ne_Disnovation (FR) i Consejo de Gobierno de Gal\u00e1pagos (EC).<\/p>\n\n\n\n<p>G\u0142\u00f3wnym celem projektu NesT jest weryfikacja nast\u0119puj\u0105cej hipotezy: kluczem do wymy\u015blenia na nowo wsp\u00f3\u0142czesnej i generuj\u0105cej masow\u0105 proletaryzacj\u0119 (utrat\u0119 umiej\u0119tno\u015bci) gospodarki przemys\u0142owej jest dywersyfikacja cyfrowa, kt\u00f3r\u0105 badamy jako noodywersyfikacj\u0119 i technodywersyfikacj\u0119, utrzymuj\u0105c, \u017ce stanowi\u0105 one warunek rezyliencji spo\u0142eczno\u015bci ludzkich. Bazuj\u0105c na koncepcji bada\u0144 wsp\u00f3\u0142tw\u00f3rczych [<em>recherche contributive<\/em>] i poj\u0119ciach wprowadzonych przez Bernarda Stieglera i Kolektyw Internacja, projekt NesT \u0142\u0105czy badania lokalne, prowadzone na konkretnych terytoriach, z mi\u0119dzynarodowymi obawami w kontek\u015bcie antropocenu.<\/p>\n\n\n\n<p><strong>2021\u20132024, Ania Malinowska (PI), <em>Technologie mi\u0142o\u015bci. Kultury uczu\u0107 i intymno\u015bci w dobie afektywnych medi\u00f3w<\/em><\/strong>, NCN, Opus 2020\/37\/B\/HS2\/01455.<\/p>\n\n\n\n<p>Projekt opisuje i poddaje ocenie nowe kultury wyra\u017cania emocji i zawi\u0105zywania relacji intymnych, kt\u00f3re rozwin\u0119\u0142y si\u0119 na skutek rosn\u0105cego zapo\u015bredniczenia ludzkich interakcji przez media. W odpowiedzi na tocz\u0105ce si\u0119 w pandemicznym zamkni\u0119ciu debaty na temat przysz\u0142ej roli technologii w relacjach mi\u0119dzyludzkich, gdy relacja bezkontaktowa nie jest alternatyw\u0105, lecz domy\u015blnym standardem, projekt bada prace zwi\u0105zane z programowaniem afektywnym, celem sporz\u0105dzenia dog\u0142\u0119bnego opisu nowych form mi\u0142o\u015bci, kt\u00f3re wy\u0142oni\u0142y si\u0119 wraz z afordancjami nowych medi\u00f3w, a tak\u017ce wraz z now\u0105 rzeczywisto\u015bci\u0105 fizyczn\u0105 jako nast\u0119pstwem cyfrowej technokracji.<\/p>\n\n\n\n<p>2020. Micha\u0142 Krzykawski (PI), <em>Re: constituer l\u2019Europe. 2004-2019 et au-dela<\/em>, stypendium Rz\u0105du Francuskiego, pod kierownictwem profesora Bernarda Stieglera.<\/p>\n\n\n\n<p>2018-2019, Ania Malinowska (PI), <em>Feelings Without Organs. Love in Contemporary Technoculture. <\/em>Fulbright Research Fellowship, The New School, New York.<\/p>\n\n\n\n<p>2017-2018, Ania Malinowska (PI), <em>Love and New Materialism<\/em>. NCN, Miniatura 2017\/01\/X\/HS2\/00713.<\/p>\n\n\n\n<p>2016\u20132020. Micha\u0142 Krzykawski, <em>Przyja\u017a\u0144 i wsp\u00f3lnota we wsp\u00f3\u0142czesnej my\u015bli francuskiej<\/em>, NCN, Sonata 2015\/17\/D\/HS2\/00512.<\/p>\n\n\n\n<p>2009\u20132010. Margret Grebowicz, Leverhulme Trust Visiting Scholar research fellowship, University of Dundee, UK.<\/p>\n\n\n\n<p>2009\u20132010. Margret Grebowicz, <em>The Labor of Community: Feminist and Postmodern Challenges, <\/em>Fulbright Fellowship, Uniwersytet Jagiello\u0144ski, Centrum Studi\u00f3w Humanistycznych.<\/p>\n\n\n\n<p><strong>Z\u0142o\u017cone projekty niefinansowane<\/strong><\/p>\n\n\n\n<p>2019. CCTS jako instytucja goszcz\u0105ca. <em>Dioscuri Centre for Critical Studies of AI and New Automata at the University of Silesia in Katowice<\/em>, Dioscuri Centres of Scientific Excellence, wraz z professorem Yukiem Hui\u2019em (PI) i profesorem Henningiem Schmidgenem (partner niemiecki).<\/p>\n\n\n\n<p><strong><strong>Inne projekty badawcze<\/strong><\/strong><\/p>\n\n\n\n<p>2020\u201321. Margret Grebowicz, <em>Residency in Situated Philosophy<\/em>, Center for Philosophical Technologies, Arizona State University, Phoenix, AZ.<\/p>\n\n\n\n<p>Niniejszy projekt badawczy pt. \u201cThe Public Lands Project\u201d obejmuje badania prowadzone w kilku regionach administrowanych przez ameryka\u0144sk\u0105 S\u0142u\u017cb\u0119 Park\u00f3w Narodowych (National Park Service), celem opisania z\u0142o\u017cono\u015bci wyst\u0119puj\u0105cych w nich obszar\u00f3w dziczy. Szerszym celem projektu jest pe\u0142niejsze zrozumienie funkcjonowania ameryka\u0144skich instytucji ochrony przyrody, takich jak National Park Service czy National Wilderness Preservation System. Prowadzone badania dotycz\u0105 Pustyni Chihuahua i Wy\u017cyny Kolorado.<\/p>\n\n\n\n<p>2020\u201321. Micha\u0142 Krzykawski (wraz z Anne Alombert, Universit\u00e9 Catholique de Lille), <em>P\u00e6nser une exosomatisation \u00ab n\u00e9guanthropique \u00bb.<\/em><\/p>\n\n\n\n<p>Niniejszy projekt jest realizowany w ramach otwartego seminarium online, kt\u00f3rego celem jest pog\u0142\u0119bianie i popularyzacja poj\u0119\u0107 wprowadzonych w ksi\u0105\u017cce <em>Bifurquer. Il n\u2019y a pas d\u2019alternative<\/em>, pod redakcj\u0105 Bernarda Stieglera i Kolektywu Internacja (Pary\u017c 2020). G\u0142\u00f3wnym celem projektu jest zbadanie relacji mi\u0119dzy entropi\u0105 a procesem gospodarczym w kontek\u015bcie antropocenu, a tak\u017ce mi\u0119dzy egzosomatyzacj\u0105 (ewolucj\u0105 przyrz\u0105d\u00f3w, tj. organ\u00f3w sztucznych) i wszystkimi formami wiedzy pod postaci\u0105 umiej\u0119tno\u015bci (umiej\u0119tno\u015bci \u017cycia, wytwarzania, teoretyzowania, koncypowania, projektowania itd.) w kontek\u015bcie zaburzenia cyfrowego. <\/p>\n\n\n\n<figure class=\"wp-block-embed is-type-video is-provider-youtube wp-block-embed-youtube wp-embed-aspect-16-9 wp-has-aspect-ratio\"><div class=\"wp-block-embed__wrapper\">\n<iframe loading=\"lazy\" title=\"S\u00e9minaire Bifurquer (Centre for Critical Technology Studies et Chaire Ethique, Technologie et Transhumanismes)\" width=\"750\" height=\"422\" src=\"https:\/\/www.youtube.com\/embed\/videoseries?list=PLlhOYvtSn-fvdty0cvZqLKjuBTb-XrbLn\" frameborder=\"0\" allow=\"accelerometer; autoplay; clipboard-write; encrypted-media; gyroscope; picture-in-picture\" allowfullscreen><\/iframe>\n<\/div><\/figure>\n","protected":false},"excerpt":{"rendered":"<p>Granty i stypendia 2021\u20132024, Micha\u0142 Krzykawski (lider zespo\u0142u U\u015a), CCTS (partner projektu), Networking Ecologically Smart Territories, Horyzont 2020 Maria Sk\u0142odowska-Curie, Research and Innovation Staff Exchange 2020, koordynator projektu: profesor Noel Fitzpatrick (Technological University Dublin). Partnerzy akademiccy: Technological University Dublin (lider konsorcjum), Institut de recherche et d\u2019innovation Centre Pompidou, Universit\u00e9 Paris Lumi\u00e8res, Universitet \u015al\u0105ski w Katowicach&hellip; <a class=\"more-link\" href=\"https:\/\/ccts.aniamalinowska.com\/pl\/projekty\/\">Czytaj dalej <span class=\"screen-reader-text\">Projekty<\/span><\/a><\/p>\n","protected":false},"author":1,"featured_media":0,"parent":0,"menu_order":0,"comment_status":"closed","ping_status":"closed","template":"","meta":{"footnotes":""},"class_list":["post-362","page","type-page","status-publish","hentry","entry"],"_links":{"self":[{"href":"https:\/\/ccts.aniamalinowska.com\/pl\/wp-json\/wp\/v2\/pages\/362","targetHints":{"allow":["GET"]}}],"collection":[{"href":"https:\/\/ccts.aniamalinowska.com\/pl\/wp-json\/wp\/v2\/pages"}],"about":[{"href":"https:\/\/ccts.aniamalinowska.com\/pl\/wp-json\/wp\/v2\/types\/page"}],"author":[{"embeddable":true,"href":"https:\/\/ccts.aniamalinowska.com\/pl\/wp-json\/wp\/v2\/users\/1"}],"replies":[{"embeddable":true,"href":"https:\/\/ccts.aniamalinowska.com\/pl\/wp-json\/wp\/v2\/comments?post=362"}],"version-history":[{"count":2,"href":"https:\/\/ccts.aniamalinowska.com\/pl\/wp-json\/wp\/v2\/pages\/362\/revisions"}],"predecessor-version":[{"id":407,"href":"https:\/\/ccts.aniamalinowska.com\/pl\/wp-json\/wp\/v2\/pages\/362\/revisions\/407"}],"wp:attachment":[{"href":"https:\/\/ccts.aniamalinowska.com\/pl\/wp-json\/wp\/v2\/media?parent=362"}],"curies":[{"name":"wp","href":"https:\/\/api.w.org\/{rel}","templated":true}]}}