{"id":365,"date":"2021-04-09T02:37:54","date_gmt":"2021-04-09T01:37:54","guid":{"rendered":"https:\/\/ccts.aniamalinowska.com\/?page_id=365"},"modified":"2021-04-09T02:39:28","modified_gmt":"2021-04-09T01:39:28","slug":"wyniki","status":"publish","type":"page","link":"https:\/\/ccts.aniamalinowska.com\/pl\/wyniki\/","title":{"rendered":"Wyniki"},"content":{"rendered":"\n<p><strong>Wideo<\/strong><\/p>\n\n\n\n<div class=\"wp-block-columns is-layout-flex wp-container-core-columns-is-layout-9d6595d7 wp-block-columns-is-layout-flex\">\n<div class=\"wp-block-column is-layout-flow wp-block-column-is-layout-flow\">\n<p>Towards Anti-entropic Exorganisms and Exorganisations in the Anthropocene: Bioeconomics, Institutions, Localities (ENG)<\/p>\n<\/div>\n\n\n\n<div class=\"wp-block-column is-layout-flow wp-block-column-is-layout-flow\">\n<figure class=\"wp-block-embed is-type-video is-provider-vimeo wp-block-embed-vimeo wp-embed-aspect-16-9 wp-has-aspect-ratio\"><div class=\"wp-block-embed__wrapper\">\n<iframe loading=\"lazy\" title=\"Panel Introduction\" src=\"https:\/\/player.vimeo.com\/video\/423259378?dnt=1&amp;app_id=122963\" width=\"750\" height=\"422\" frameborder=\"0\" allow=\"autoplay; fullscreen; picture-in-picture\" allowfullscreen><\/iframe>\n<\/div><\/figure>\n<\/div>\n<\/div>\n\n\n\n<div class=\"wp-block-columns is-layout-flex wp-container-core-columns-is-layout-9d6595d7 wp-block-columns-is-layout-flex\">\n<div class=\"wp-block-column is-layout-flow wp-block-column-is-layout-flow\">\n<p>Pour un nouveau rapport sur le savoir \u00e0 l\u2019\u00e2ge de la computation g\u00e9n\u00e9ralis\u00e9e (FR)<\/p>\n<\/div>\n\n\n\n<div class=\"wp-block-column is-layout-flow wp-block-column-is-layout-flow\">\n<figure class=\"wp-block-embed is-type-video is-provider-youtube wp-block-embed-youtube wp-embed-aspect-16-9 wp-has-aspect-ratio\"><div class=\"wp-block-embed__wrapper\">\n<iframe loading=\"lazy\" title=\"Pour un nouveau rapport sur le savoir \u00e0 l\u2019\u00e2ge de la computation g\u00e9n\u00e9ralis\u00e9e\" width=\"750\" height=\"422\" src=\"https:\/\/www.youtube.com\/embed\/LjvDxbOP2vo?feature=oembed\" frameborder=\"0\" allow=\"accelerometer; autoplay; clipboard-write; encrypted-media; gyroscope; picture-in-picture\" allowfullscreen><\/iframe>\n<\/div><\/figure>\n<\/div>\n<\/div>\n\n\n\n<div class=\"wp-block-columns is-layout-flex wp-container-core-columns-is-layout-9d6595d7 wp-block-columns-is-layout-flex\">\n<div class=\"wp-block-column is-layout-flow wp-block-column-is-layout-flow\">\n<p>Mountains and Desire (ENG)<\/p>\n<\/div>\n\n\n\n<div class=\"wp-block-column is-layout-flow wp-block-column-is-layout-flow\">\n<figure class=\"wp-block-embed is-type-video is-provider-vimeo wp-block-embed-vimeo wp-embed-aspect-16-9 wp-has-aspect-ratio\"><div class=\"wp-block-embed__wrapper\">\n<iframe loading=\"lazy\" title=\"Grebowicz - Keynote Address: MOUNTAINS AND DESIRE\" src=\"https:\/\/player.vimeo.com\/video\/425624229?dnt=1&amp;app_id=122963\" width=\"750\" height=\"422\" frameborder=\"0\" allow=\"autoplay; fullscreen; picture-in-picture\" allowfullscreen><\/iframe>\n<\/div><\/figure>\n<\/div>\n<\/div>\n\n\n\n<div class=\"wp-block-columns is-layout-flex wp-container-core-columns-is-layout-9d6595d7 wp-block-columns-is-layout-flex\">\n<div class=\"wp-block-column is-layout-flow wp-block-column-is-layout-flow\">\n<p>Smart Devices and Interspecies Curiosity (ENG)<\/p>\n<\/div>\n\n\n\n<div class=\"wp-block-column is-layout-flow wp-block-column-is-layout-flow\">\n<figure class=\"wp-block-embed is-type-video is-provider-youtube wp-block-embed-youtube wp-embed-aspect-16-9 wp-has-aspect-ratio\"><div class=\"wp-block-embed__wrapper\">\n<iframe loading=\"lazy\" title=\"Margret Grebowicz\u2014Smart Devices and Interspecies Curiosity (TSpec3)\" width=\"750\" height=\"422\" src=\"https:\/\/www.youtube.com\/embed\/0nTfLKqnwDA?feature=oembed\" frameborder=\"0\" allow=\"accelerometer; autoplay; clipboard-write; encrypted-media; gyroscope; picture-in-picture\" allowfullscreen><\/iframe>\n<\/div><\/figure>\n<\/div>\n<\/div>\n\n\n\n<p><strong>Ksi\u0105\u017cki<\/strong><\/p>\n\n\n\n<p>Ania Malinowska, Love in Contemporary Technoculture (forthcoming, Cambridge University Press)<\/p>\n\n\n\n<p>Kiff Bamford and Margret Grebowicz (eds.), Lyotard and Critical Practice (forthcoming, London and New York, Bloomsbury)<\/p>\n\n\n\n<p>Ania Malinowska and Valentia Peri (eds.), Data Dating. Love, Technology, Desire (forthcoming, Intellect,)<\/p>\n\n\n\n<p>Margret Grebowicz, Mountains and Desire: Climbing vs. The End of the World (2021, London, Repeater)<br><a href=\"https:\/\/www.penguinrandomhouse.com\/books\/667100\/mountains-and-desire-by-margret-grebowicz\/\" target=\"_blank\" rel=\"noreferrer noopener\">https:\/\/www.penguinrandomhouse.com\/books\/667100\/mountains-and-desire-by-margret-grebowicz\/<\/a><\/p>\n\n\n\n<p>(Micha\u0142 Krzykawski), Bernard Stiegler avec le Collectif Internation, Bifurquer. \u00ab Il n\u2019y a pas d\u2019alternative \u00bb (2020, Les liens qui lib\u00e8rent, Paris) (Translation into Italian : <a href=\"http:\/\/www.meltemieditore.it\/catalogo\/lassoluta-necessita\/\" target=\"_blank\" rel=\"noreferrer noopener\">http:\/\/www.meltemieditore.it\/catalogo\/lassoluta-necessita\/<\/a>, translations into English and Polish forthcoming)<br><a href=\"http:\/\/www.editionslesliensquiliberent.fr\/livre-Bifurquer-609-1-1-0-1.html\" target=\"_blank\" rel=\"noreferrer noopener\">http:\/\/www.editionslesliensquiliberent.fr\/livre-Bifurquer-609-1-1-0-1.html<\/a><\/p>\n\n\n\n<p>Anna Malinowska and Michael Gratzke (eds.), Materiality of Love. Essays On Affection and Cultural Practice (2018, Routledge)<br><a href=\"https:\/\/www.routledge.com\/The-Materiality-of-Love-Essays-on-Affection-and-Cultural-Practice\/Malinowska-Gratzke\/p\/book\/9780367886639\" target=\"_blank\" rel=\"noreferrer noopener\">https:\/\/www.routledge.com\/The-Materiality-of-Love-Essays-on-Affection-and-Cultural-Practice\/Malinowska-Gratzke\/p\/book\/9780367886639<\/a><\/p>\n\n\n\n<p>Anna Malinowska and Karolina Lebek (eds.) Materiality and Popular Culture. The Popular Life of Things (2017, Routledge)<br><a href=\"https:\/\/www.routledge.com\/Materiality-and-Popular-Culture-The-Popular-Life-of-Things\/Malinowska-Lebek\/p\/book\/9780367878177\" target=\"_blank\" rel=\"noreferrer noopener\">https:\/\/www.routledge.com\/Materiality-and-Popular-Culture-The-Popular-Life-of-Things\/Malinowska-Lebek\/p\/book\/9780367878177<\/a><\/p>\n\n\n\n<p>Micha\u0142 Krzykawski, Inne i wsp\u00f3lne. Trzydzie\u015bci pi\u0119\u0107 lat francuskiej filozofii (2017, Warszawa, PWN)<br><a href=\"https:\/\/ksiegarnia.pwn.pl\/Inne-i-wspolne.-Trzydziesci-piec-lat-francuskiej-filozofii,710005320,p.html\" target=\"_blank\" rel=\"noreferrer noopener\">https:\/\/ksiegarnia.pwn.pl\/Inne-i-wspolne.-Trzydziesci-piec-lat-francuskiej-filozofii,710005320,p.html<\/a><\/p>\n\n\n\n<p>Margret Grebowicz, Whale Song (2017, London and New York, Bloomsbury) (Translation into Turkish forthcoming from \u0130thaki Yayinlari Press.)<br><a href=\"https:\/\/www.bloomsbury.com\/us\/whale-song-9781501329265\/\" target=\"_blank\" rel=\"noreferrer noopener\">https:\/\/www.bloomsbury.com\/us\/whale-song-9781501329265\/<\/a><\/p>\n\n\n\n<p>Margret Grebowicz, The National Park to Come (2015, Palo Alto, Stanford University Press)<br><a href=\"https:\/\/www.sup.org\/books\/title\/?id=23485\" target=\"_blank\" rel=\"noreferrer noopener\">https:\/\/www.sup.org\/books\/title\/?id=23485<\/a><\/p>\n\n\n\n<p>Margret Grebowicz and Helen Merrick, Beyond the Cyborg: Adventures with Donna Haraway, (2013, New York, Columbia University Press)<br><a href=\"http:\/\/cup.columbia.edu\/book\/beyond-the-cyborg\/9780231149280\" target=\"_blank\" rel=\"noreferrer noopener\">http:\/\/cup.columbia.edu\/book\/beyond-the-cyborg\/9780231149280<\/a><\/p>\n\n\n\n<p>Margret Grebowicz, Why Internet Porn Matters (2013, Palo Alto, Stanford University Press)<br><a href=\"https:\/\/www.sup.org\/books\/title\/?id=22564\" target=\"_blank\" rel=\"noreferrer noopener\">https:\/\/www.sup.org\/books\/title\/?id=22564<\/a><\/p>\n\n\n\n<p>Micha\u0142 Krzykawski, L\u2019effet-Bataille. De la litt\u00e9rature d\u2019exc\u00e8s \u00e0 l\u2019\u00e9criture (2011, Katowice, Wydawnictwo Uniwersytetu \u015al\u0105skiego)<br><a href=\"https:\/\/wydawnictwo.us.edu.pl\/node\/1626?language=en\" target=\"_blank\" rel=\"noreferrer noopener\">https:\/\/wydawnictwo.us.edu.pl\/node\/1626?language=en<\/a><\/p>\n\n\n\n<p>Margret Grebowicz (ed.), Gender after Lyotard (2007, Albany: SUNY Press)<br><a href=\"https:\/\/www.sunypress.edu\/p-4366-gender-after-lyotard.aspx\" target=\"_blank\" rel=\"noreferrer noopener\">https:\/\/www.sunypress.edu\/p-4366-gender-after-lyotard.aspx<\/a><\/p>\n\n\n\n<p><strong>Wybrane artyku\u0142y<\/strong><\/p>\n\n\n\n<p>Grebowicz, M. and Whiteman, M. \u201cTrespass Livestock and the Liquid Border.\u201d (forthcoming Techniques 2).<\/p>\n\n\n\n<p>Grebowicz, M. and Reyna, Z. \u201cThe Animality of Simone Weil: I Love Dick and a Nonhuman Politics of the Impersonal.\u201d (forthcoming, the minnesota review 97).<\/p>\n\n\n\n<p>Ania Malinowska, \u201cDemonic Interventions. Robots as Performing Subjects\u201d (forthcoming, Performance Research)<\/p>\n\n\n\n<p>Micha\u0142 Krzykawski, \u201cTowards Idiodiversity. Retranslating Cybernetics\u201d (forthcoming, Philosophy Today)<\/p>\n\n\n\n<p>Anne Alombert, Micha\u0142 Krzykawski, \u00ab Vocabulaire de l\u2019Internation. Introduction aux concepts de Bernard Stiegler et du collectif Internation \u00bb (2021, Appareil)<br><a href=\"https:\/\/journals.openedition.org\/appareil\/3752\" target=\"_blank\" rel=\"noreferrer noopener\">https:\/\/journals.openedition.org\/appareil\/3752<\/a><\/p>\n\n\n\n<p>Margret Grebowicz, \u201cEcology after Dark: Chernobyl\u2019s Wild Horses and the Traffic in Desire\u201d (2021, the minnesota review)<\/p>\n\n\n\n<p>Micha\u0142 Krzykawski, \u201eWyj\u015b\u0107 z n\u0119dzy entropocenu. Propozycja Internacji\u201d (2020, \u201eWakat\u201d)<br><a href=\"http:\/\/wakat.sdk.pl\/wyjsc-nedzy-entropocenu-propozycja-internacji\/\" target=\"_blank\" rel=\"noreferrer noopener\">http:\/\/wakat.sdk.pl\/wyjsc-nedzy-entropocenu-propozycja-internacji\/<\/a><\/p>\n\n\n\n<p>Ania Malinowska, \u201cSexbots and Posthuman Love\u201d (2020, International Encyclopedia of Gender, Media and Communication, Wiley)<br><a href=\"https:\/\/onlinelibrary.wiley.com\/doi\/10.1002\/9781119429128.iegmc036\" target=\"_blank\" rel=\"noreferrer noopener\">https:\/\/onlinelibrary.wiley.com\/doi\/10.1002\/9781119429128.iegmc036<\/a><\/p>\n\n\n\n<p>Margret Grebowicz, \u201cThe Problem of Everest: Upward Mobility and the Time of Climbing\u201d (2018, the minnesota review 90) 91-99.<\/p>\n\n\n\n<p>Anna Malinowska and Tobi Miller, \u201cSensitive Media\u201d (2017, Open Cultural Studies)<br><a href=\"https:\/\/www.degruyter.com\/document\/doi\/10.1515\/culture-2017-0060\/html\">https:\/\/www.<\/a><a href=\"https:\/\/www.degruyter.com\/document\/doi\/10.1515\/culture-2017-0060\/html\" target=\"_blank\" rel=\"noreferrer noopener\">d<\/a><a href=\"https:\/\/www.degruyter.com\/document\/doi\/10.1515\/culture-2017-0060\/html\">egruyter.com\/document\/doi\/10.1515\/culture-2017-0060\/html<\/a><\/p>\n\n\n\n<p>Anna Malinowska, \u201cLost in representation. Disabled sex and the aesthtics of the norm (2017, Sexualities)<br><a href=\"https:\/\/journals.sagepub.com\/doi\/full\/10.1177\/1363460716688678\" target=\"_blank\" rel=\"noreferrer noopener\">https:\/\/journals.sagepub.com\/doi\/full\/10.1177\/1363460716688678<\/a><\/p>\n\n\n\n<p>Margret Grebowicz, \u201cOrca Intimacies and Environmental Slow Death: Earthling Ethics for a Claustrophobic World\u201d in Sherilynn MacGregor (ed.), The Routledge International Handbook on Gender and Environment. (2017, New York, Routledge).<\/p>\n\n\n\n<p>Margret Grebowicz, \u201cThe Internet and the Death of Jazz: Race, Improvisation, and the Crisis of Community\u201d in Richard Purcell and Richard Randall (eds.) 21st Century Perspectives on Music, Technology, and Culture: Listening Spaces (2016, Santa Barbara, Praeger).<\/p>\n\n\n\n<p>Margret Grebowicz, \u201cGlacial Time and Lonely Crowds: The Social Effects of Climate Change as Internet Spectacle\u201d (2014, Environmental Humanities 5), 1-11.<\/p>\n\n\n\n<p>Margret Grebowicz, \u201cCan Sustainability Be Domesticated?\u201d In H. Bickis and R. Shields (Eds.), Rereading Jean-Fran\u00e7ois Lyotard: Essays on His Later Works (2013, London, Ashgate).<\/p>\n\n\n\n<p>Margret Grebowicz, \u201cDemocracy and Pornography: On Speech, Rights, Privacies, and Pleasures in Conflict\u201d (2011, Hypatia: A Journal of Feminist Philosophy 26 (1)), 150-65.<\/p>\n\n\n\n<p>Margret Grebowicz, \u201cWhen Species Meat: Confronting Bestiality Pornography.\u201d (2010, Humanimalia 1(2)), 1-17. Reprinted in Lynn Comella and Shira Tarrant (eds.) New Views on Pornography: Sexuality, Politics, and the Law (2015, Santa Barbara, Praeger).<\/p>\n\n\n\n<p>Margret Grebowicz, \u201cStandpoint Theory and the Possibility of Justice: A Lyotardian Critique of the Democratization of Knowledge\u201d (2007, Hypatia: A Journal of Feminist Philosophy 22(4)), 16-29.<\/p>\n","protected":false},"excerpt":{"rendered":"<p>Wideo Towards Anti-entropic Exorganisms and Exorganisations in the Anthropocene: Bioeconomics, Institutions, Localities (ENG) Pour un nouveau rapport sur le savoir \u00e0 l\u2019\u00e2ge de la computation g\u00e9n\u00e9ralis\u00e9e (FR) Mountains and Desire (ENG) Smart Devices and Interspecies Curiosity (ENG) Ksi\u0105\u017cki Ania Malinowska, Love in Contemporary Technoculture (forthcoming, Cambridge University Press) Kiff Bamford and Margret Grebowicz (eds.), Lyotard&hellip; <a class=\"more-link\" href=\"https:\/\/ccts.aniamalinowska.com\/pl\/wyniki\/\">Czytaj dalej <span class=\"screen-reader-text\">Wyniki<\/span><\/a><\/p>\n","protected":false},"author":1,"featured_media":0,"parent":0,"menu_order":0,"comment_status":"closed","ping_status":"closed","template":"","meta":{"footnotes":""},"class_list":["post-365","page","type-page","status-publish","hentry","entry"],"_links":{"self":[{"href":"https:\/\/ccts.aniamalinowska.com\/pl\/wp-json\/wp\/v2\/pages\/365","targetHints":{"allow":["GET"]}}],"collection":[{"href":"https:\/\/ccts.aniamalinowska.com\/pl\/wp-json\/wp\/v2\/pages"}],"about":[{"href":"https:\/\/ccts.aniamalinowska.com\/pl\/wp-json\/wp\/v2\/types\/page"}],"author":[{"embeddable":true,"href":"https:\/\/ccts.aniamalinowska.com\/pl\/wp-json\/wp\/v2\/users\/1"}],"replies":[{"embeddable":true,"href":"https:\/\/ccts.aniamalinowska.com\/pl\/wp-json\/wp\/v2\/comments?post=365"}],"version-history":[{"count":3,"href":"https:\/\/ccts.aniamalinowska.com\/pl\/wp-json\/wp\/v2\/pages\/365\/revisions"}],"predecessor-version":[{"id":369,"href":"https:\/\/ccts.aniamalinowska.com\/pl\/wp-json\/wp\/v2\/pages\/365\/revisions\/369"}],"wp:attachment":[{"href":"https:\/\/ccts.aniamalinowska.com\/pl\/wp-json\/wp\/v2\/media?parent=365"}],"curies":[{"name":"wp","href":"https:\/\/api.w.org\/{rel}","templated":true}]}}