{"id":374,"date":"2021-04-09T02:43:25","date_gmt":"2021-04-09T01:43:25","guid":{"rendered":"https:\/\/ccts.aniamalinowska.com\/?page_id=374"},"modified":"2021-05-12T03:27:55","modified_gmt":"2021-05-12T02:27:55","slug":"jak-pracujemy","status":"publish","type":"page","link":"https:\/\/ccts.aniamalinowska.com\/pl\/jak-pracujemy\/","title":{"rendered":"Jak pracujemy"},"content":{"rendered":"\n<p>Po pierwsze wypracowujemy nowe poj\u0119cia, kt\u00f3re dok\u0142adniej wyja\u015bniaj\u0105 transformacj\u0119 technologiczn\u0105, jakiej zaznajemy. Po drugie usi\u0142ujemy wprowadzi\u0107 te poj\u0119cia w obieg publiczny w ramach zaanga\u017cowanej humanistyki, kt\u00f3rej wk\u0142ad w debat\u0119 nad problemami zwi\u0105zanymi z rozwojem technologii pozostawa\u0142 do tej pory ograniczony.<\/p>\n\n\n\n<p>Kszta\u0142tuj\u0105c zaanga\u017cowan\u0105 publicznie praktyk\u0119 badawcz\u0105 na rzecz technor\u00f3\u017cnorodno\u015bci d\u0105\u017cymy do:<\/p>\n\n\n\n<ul class=\"wp-block-list\"><li>poj\u0119ciowego odwr\u00f3cenia obecnych paradygmat\u00f3w technonaukowych, w ramach kt\u00f3rych celowo\u015bci akademickich bada\u0144 nad technologiami s\u0105 podporz\u0105dkowane nieakademickim imperatywom rynku i przemys\u0142u high-tech nap\u0119dzanego przez marketing,<\/li><li>wykorzystania praktyk badawczych do kszta\u0142towania publicznej i otwartej debaty na temat technologicznego kszta\u0142tu naszej przysz\u0142o\u015bci w antropocenie.<\/li><\/ul>\n\n\n\n<p>Prowadzone w CCTS badania sytuuj\u0105 si\u0119 w obr\u0119bie niezale\u017cnych lecz powi\u0105zanych ze sob\u0105 p\u00f3l badawczych i wpisuj\u0105 si\u0119 w trzy r\u00f3\u017cne tradycje badawcze, kt\u00f3re obejmuj\u0105 nast\u0119puj\u0105ce obszary:<\/p>\n\n\n\n<ul class=\"wp-block-list\"><li>filozofia techniki, filozofia nauki, ekonomia polityczna i filozofia nieanalityczna,<\/li><li>teoria kulturowa, medioznawstwo, semiotyka mi\u0142o\u015bci [<em>love studies<\/em>], humanistyka cyfrowa, robotyka krytyczna, a w szczeg\u00f3lno\u015bci normy kulturowe oraz kody spo\u0142eczne, emocjonalne i estetyczne w kontek\u015bcie cyfrowo\u015bci,<\/li><li><em>environmental studies<\/em>, teoria afektu, studia nad p\u0142ci\u0105 kulturow\u0105 i seksualno\u015bci\u0105, <em>wilderness studies<\/em>, krytyczne studia nad zwierz\u0119tami.<\/li><\/ul>\n","protected":false},"excerpt":{"rendered":"<p>Po pierwsze wypracowujemy nowe poj\u0119cia, kt\u00f3re dok\u0142adniej wyja\u015bniaj\u0105 transformacj\u0119 technologiczn\u0105, jakiej zaznajemy. Po drugie usi\u0142ujemy wprowadzi\u0107 te poj\u0119cia w obieg publiczny w ramach zaanga\u017cowanej humanistyki, kt\u00f3rej wk\u0142ad w debat\u0119 nad problemami zwi\u0105zanymi z rozwojem technologii pozostawa\u0142 do tej pory ograniczony. Kszta\u0142tuj\u0105c zaanga\u017cowan\u0105 publicznie praktyk\u0119 badawcz\u0105 na rzecz technor\u00f3\u017cnorodno\u015bci d\u0105\u017cymy do: poj\u0119ciowego odwr\u00f3cenia obecnych paradygmat\u00f3w technonaukowych,&hellip; <a class=\"more-link\" href=\"https:\/\/ccts.aniamalinowska.com\/pl\/jak-pracujemy\/\">Czytaj dalej <span class=\"screen-reader-text\">Jak pracujemy<\/span><\/a><\/p>\n","protected":false},"author":1,"featured_media":0,"parent":0,"menu_order":0,"comment_status":"closed","ping_status":"closed","template":"","meta":{"footnotes":""},"class_list":["post-374","page","type-page","status-publish","hentry","entry"],"_links":{"self":[{"href":"https:\/\/ccts.aniamalinowska.com\/pl\/wp-json\/wp\/v2\/pages\/374","targetHints":{"allow":["GET"]}}],"collection":[{"href":"https:\/\/ccts.aniamalinowska.com\/pl\/wp-json\/wp\/v2\/pages"}],"about":[{"href":"https:\/\/ccts.aniamalinowska.com\/pl\/wp-json\/wp\/v2\/types\/page"}],"author":[{"embeddable":true,"href":"https:\/\/ccts.aniamalinowska.com\/pl\/wp-json\/wp\/v2\/users\/1"}],"replies":[{"embeddable":true,"href":"https:\/\/ccts.aniamalinowska.com\/pl\/wp-json\/wp\/v2\/comments?post=374"}],"version-history":[{"count":2,"href":"https:\/\/ccts.aniamalinowska.com\/pl\/wp-json\/wp\/v2\/pages\/374\/revisions"}],"predecessor-version":[{"id":416,"href":"https:\/\/ccts.aniamalinowska.com\/pl\/wp-json\/wp\/v2\/pages\/374\/revisions\/416"}],"wp:attachment":[{"href":"https:\/\/ccts.aniamalinowska.com\/pl\/wp-json\/wp\/v2\/media?parent=374"}],"curies":[{"name":"wp","href":"https:\/\/api.w.org\/{rel}","templated":true}]}}