{"id":376,"date":"2021-04-09T02:44:04","date_gmt":"2021-04-09T01:44:04","guid":{"rendered":"https:\/\/ccts.aniamalinowska.com\/?page_id=376"},"modified":"2021-04-09T02:44:05","modified_gmt":"2021-04-09T01:44:05","slug":"co-robimy","status":"publish","type":"page","link":"https:\/\/ccts.aniamalinowska.com\/pl\/co-robimy\/","title":{"rendered":"Co robimy"},"content":{"rendered":"\n<p>Pracujemy nad stworzeniem szerokiej ramy poj\u0119ciowej, kt\u00f3ra pozwala obj\u0105\u0107 i zrozumie\u0107 zachodz\u0105c\u0105 obecnie zmian\u0119 technologiczn\u0105 na wszystkich jej p\u0142aszczyznach. W obr\u0119bie prowadzonych przez nas bada\u0144 d\u0105\u017cymy do wypracowania konstruktywnej odpowiedzi na braki, jakie charakteryzuj\u0105 wiod\u0105ce uj\u0119cia w badaniach nad technologi\u0105, a tak\u017ce do prze\u0142amania obiegowych opinii, kt\u00f3re na temat technologii s\u0105 wypowiadane. Taka postawa badawcza w odniesieniu do szeroko rozumianych technologii ma na celu kszta\u0142towanie i popularyzowanie krytycznego my\u015blenia nad jeszcze szerszym zjawiskiem, jakim jest zjawisko techniczno\u015bci.<\/p>\n\n\n\n<p>Nasze zainteresowania badawcze w szczeg\u00f3lno\u015bci obejmuj\u0105 namys\u0142 nad technologiami cyfrowymi i systemami sztucznej inteligencji \u2013 kluczowymi no\u015bnikami zmian spo\u0142ecznych, gospodarczych i politycznych w obecnych stadium technologicznej ewolucji. Tego rodzaju namys\u0142 wymaga od\u015bwie\u017cenia ram poj\u0119ciowych, celem bardziej dog\u0142\u0119bnego zrozumienia:<\/p>\n\n\n\n<ul class=\"wp-block-list\"><li>istot ludzkich\u00a0 i innych ni\u017c ludzkie oraz protetyczno\u015bci ludzkiego \u017cycia na Ziemi,<\/li><li>relacji mi\u0119dzy rytmami technik i rytmami kultur, spo\u0142ecze\u0144stw i biosfery,<\/li><li>nowych technologii i sposob\u00f3w ich funkcjonowania w rozmaitych kontekstach wsp\u00f3\u0142czesnego \u017cycia, z uwzgl\u0119dnieniem \u017cycia codziennego.<\/li><\/ul>\n\n\n\n<p>Celem tak zarysowanego przedsi\u0119wzi\u0119cia jest wypracowanie wszechstronnego podej\u015bcia do technologii, kt\u00f3re w swoim zastosowaniu wykracza\u0142oby poza dyscyplinowe podzia\u0142y i pozwala\u0142oby na krytyczny os\u0105d rzeczywisto\u015bci cyfrowej w jej nast\u0119pstwach gospodarczych, spo\u0142ecznych, \u015brodowiskowych i kulturowych.<\/p>\n","protected":false},"excerpt":{"rendered":"<p>Pracujemy nad stworzeniem szerokiej ramy poj\u0119ciowej, kt\u00f3ra pozwala obj\u0105\u0107 i zrozumie\u0107 zachodz\u0105c\u0105 obecnie zmian\u0119 technologiczn\u0105 na wszystkich jej p\u0142aszczyznach. W obr\u0119bie prowadzonych przez nas bada\u0144 d\u0105\u017cymy do wypracowania konstruktywnej odpowiedzi na braki, jakie charakteryzuj\u0105 wiod\u0105ce uj\u0119cia w badaniach nad technologi\u0105, a tak\u017ce do prze\u0142amania obiegowych opinii, kt\u00f3re na temat technologii s\u0105 wypowiadane. Taka postawa badawcza&hellip; <a class=\"more-link\" href=\"https:\/\/ccts.aniamalinowska.com\/pl\/co-robimy\/\">Czytaj dalej <span class=\"screen-reader-text\">Co robimy<\/span><\/a><\/p>\n","protected":false},"author":1,"featured_media":0,"parent":0,"menu_order":0,"comment_status":"closed","ping_status":"closed","template":"","meta":{"footnotes":""},"class_list":["post-376","page","type-page","status-publish","hentry","entry"],"_links":{"self":[{"href":"https:\/\/ccts.aniamalinowska.com\/pl\/wp-json\/wp\/v2\/pages\/376","targetHints":{"allow":["GET"]}}],"collection":[{"href":"https:\/\/ccts.aniamalinowska.com\/pl\/wp-json\/wp\/v2\/pages"}],"about":[{"href":"https:\/\/ccts.aniamalinowska.com\/pl\/wp-json\/wp\/v2\/types\/page"}],"author":[{"embeddable":true,"href":"https:\/\/ccts.aniamalinowska.com\/pl\/wp-json\/wp\/v2\/users\/1"}],"replies":[{"embeddable":true,"href":"https:\/\/ccts.aniamalinowska.com\/pl\/wp-json\/wp\/v2\/comments?post=376"}],"version-history":[{"count":1,"href":"https:\/\/ccts.aniamalinowska.com\/pl\/wp-json\/wp\/v2\/pages\/376\/revisions"}],"predecessor-version":[{"id":377,"href":"https:\/\/ccts.aniamalinowska.com\/pl\/wp-json\/wp\/v2\/pages\/376\/revisions\/377"}],"wp:attachment":[{"href":"https:\/\/ccts.aniamalinowska.com\/pl\/wp-json\/wp\/v2\/media?parent=376"}],"curies":[{"name":"wp","href":"https:\/\/api.w.org\/{rel}","templated":true}]}}