{"id":378,"date":"2021-04-09T02:44:50","date_gmt":"2021-04-09T01:44:50","guid":{"rendered":"https:\/\/ccts.aniamalinowska.com\/?page_id=378"},"modified":"2021-05-12T03:28:09","modified_gmt":"2021-05-12T02:28:09","slug":"ccts","status":"publish","type":"page","link":"https:\/\/ccts.aniamalinowska.com\/pl\/","title":{"rendered":"CCTS"},"content":{"rendered":"\n<p><strong>Centrum Bada\u0144 Krytycznych nad Technologiami (CCTS)<\/strong> to transdyscyplinarna jednostka badawcza, kt\u00f3ra prowadzi prace nad z\u0142o\u017cono\u015bci\u0105 wyzwa\u0144 zwi\u0105zanych z rozwojem technologii. Celem realizowanych w CCTS indywidualnych i zespo\u0142owych <strong><a href=\"https:\/\/ccts.aniamalinowska.com\/pl\/projekty\/\" data-type=\"page\" data-id=\"362\">projekt\u00f3w<\/a><\/strong> badawczych jest dostarczanie poj\u0119\u0107, wyobra\u017ce\u0144 i nowych sposob\u00f3w rozumienia technologicznej rzeczywisto\u015bci. Chcemy wypracowa\u0107 alternatyw\u0119 dla dominuj\u0105cego modelu rozwoju technoekonomicznego i transhumanistycznej wizji technologii, kt\u00f3re t\u0119 rzeczywisto\u015b\u0107 formatuj\u0105, wp\u0142ywaj\u0105c jednocze\u015bnie na jako\u015b\u0107 \u017cycia codziennego ka\u017cdego i ka\u017cdej z nas. Wychodz\u0105c poza przebrzmia\u0142y roz\u0142am na nauki i humanistyk\u0119, CCTS d\u0105\u017cy do budowania otwartego dialogu z naukami \u015bcis\u0142ymi, przyrodniczymi, technicznymi i spo\u0142ecznymi. Dzia\u0142aj\u0105c w przekonaniu, \u017ce technonauka nie jest cytadel\u0105 strze\u017con\u0105 przez ekspert\u00f3w, podejmujemy r\u00f3wnie\u017c wysi\u0142ek zmierzaj\u0105cy do kszta\u0142towania lepszego publicznego rozumienia rozwoju technologicznego.&nbsp;<\/p>\n\n\n\n<h2 class=\"wp-block-heading\">Co robimy<\/h2>\n\n\n\n<p>Pracujemy nad stworzeniem szerokiej ramy poj\u0119ciowej, kt\u00f3ra pozwala obj\u0105\u0107 i zrozumie\u0107 zachodz\u0105c\u0105 obecnie zmian\u0119 technologiczn\u0105 na wszystkich jej p\u0142aszczyznach. W obr\u0119bie prowadzonych przez nas bada\u0144 d\u0105\u017cymy do wypracowania konstruktywnej odpowiedzi na braki, jakie charakteryzuj\u0105 wiod\u0105ce uj\u0119cia w badaniach nad technologi\u0105, a tak\u017ce do prze\u0142amania obiegowych opinii, kt\u00f3re na temat technologii s\u0105 wypowiadane. Taka postawa badawcza w odniesieniu do szeroko rozumianych technologii ma na celu kszta\u0142towanie i popularyzowanie krytycznego my\u015blenia nad jeszcze szerszym zjawiskiem, jakim jest zjawisko techniczno\u015bci.<\/p>\n\n\n\n<p>Nasze zainteresowania badawcze w szczeg\u00f3lno\u015bci obejmuj\u0105 namys\u0142 nad technologiami cyfrowymi i systemami sztucznej inteligencji \u2013 kluczowymi no\u015bnikami zmian spo\u0142ecznych, gospodarczych i politycznych w obecnych stadium technologicznej ewolucji. Tego rodzaju namys\u0142 wymaga od\u015bwie\u017cenia ram poj\u0119ciowych, celem bardziej dog\u0142\u0119bnego zrozumienia:<\/p>\n\n\n\n<ul class=\"wp-block-list\"><li>istot ludzkich i innych ni\u017c ludzkie oraz protetyczno\u015bci ludzkiego \u017cycia na Ziemi,<\/li><li>relacji mi\u0119dzy rytmami technik i rytmami kultur, spo\u0142ecze\u0144stw i biosfery,<\/li><li>nowych technologii i sposob\u00f3w ich funkcjonowania w rozmaitych kontekstach wsp\u00f3\u0142czesnego \u017cycia, z uwzgl\u0119dnieniem \u017cycia codziennego.<\/li><\/ul>\n\n\n\n<p>Celem tak zarysowanego przedsi\u0119wzi\u0119cia jest wypracowanie wszechstronnego podej\u015bcia do technologii, kt\u00f3re w swoim zastosowaniu wykracza\u0142oby poza dyscyplinowe podzia\u0142y i pozwala\u0142oby na krytyczny os\u0105d rzeczywisto\u015bci cyfrowej w jej nast\u0119pstwach gospodarczych, spo\u0142ecznych, \u015brodowiskowych i kulturowych.<\/p>\n\n\n\n<h2 class=\"wp-block-heading\">Jak pracujemy<\/h2>\n\n\n\n<p>Po pierwsze wypracowujemy nowe poj\u0119cia, kt\u00f3re dok\u0142adniej wyja\u015bniaj\u0105 transformacj\u0119 technologiczn\u0105, jakiej zaznajemy. Po drugie usi\u0142ujemy wprowadzi\u0107 te poj\u0119cia w obieg publiczny w ramach zaanga\u017cowanej humanistyki, kt\u00f3rej wk\u0142ad w debat\u0119 nad problemami zwi\u0105zanymi z rozwojem technologii pozostawa\u0142 do tej pory ograniczony.<\/p>\n\n\n\n<p>Kszta\u0142tuj\u0105c zaanga\u017cowan\u0105 publicznie praktyk\u0119 badawcz\u0105 na rzecz technor\u00f3\u017cnorodno\u015bci d\u0105\u017cymy do:<\/p>\n\n\n\n<ul class=\"wp-block-list\"><li>poj\u0119ciowego odwr\u00f3cenia obecnych paradygmat\u00f3w technonaukowych, w ramach kt\u00f3rych celowo\u015bci akademickich bada\u0144 nad technologiami s\u0105 podporz\u0105dkowane nieakademickim imperatywom rynku i przemys\u0142u high-tech nap\u0119dzanego przez marketing,<\/li><li>wykorzystania praktyk badawczych do kszta\u0142towania publicznej i otwartej debaty na temat technologicznego kszta\u0142tu naszej przysz\u0142o\u015bci w antropocenie.<\/li><\/ul>\n\n\n\n<p>Prowadzone w CCTS badania sytuuj\u0105 si\u0119 w obr\u0119bie niezale\u017cnych lecz powi\u0105zanych ze sob\u0105 p\u00f3l badawczych i wpisuj\u0105 si\u0119 w trzy r\u00f3\u017cne tradycje badawcze, kt\u00f3re obejmuj\u0105 nast\u0119puj\u0105ce obszary:<\/p>\n\n\n\n<ul class=\"wp-block-list\"><li>filozofia techniki, filozofia nauki, ekonomia polityczna i filozofia nieanalityczna,<\/li><li>teoria kulturowa, medioznawstwo, semiotyka mi\u0142o\u015bci [<em>love studies<\/em>], humanistyka cyfrowa, robotyka krytyczna, a w szczeg\u00f3lno\u015bci normy kulturowe oraz kody spo\u0142eczne, emocjonalne i estetyczne w kontek\u015bcie cyfrowo\u015bci,<\/li><li><em>environmental studies<\/em>, teoria afektu, studia nad p\u0142ci\u0105 kulturow\u0105 i seksualno\u015bci\u0105, <em>wilderness studies<\/em>, krytyczne studia nad zwierz\u0119tami.<\/li><\/ul>\n","protected":false},"excerpt":{"rendered":"<p>Centrum Bada\u0144 Krytycznych nad Technologiami (CCTS) to transdyscyplinarna jednostka badawcza, kt\u00f3ra prowadzi prace nad z\u0142o\u017cono\u015bci\u0105 wyzwa\u0144 zwi\u0105zanych z rozwojem technologii. Celem realizowanych w CCTS indywidualnych i zespo\u0142owych projekt\u00f3w badawczych jest dostarczanie poj\u0119\u0107, wyobra\u017ce\u0144 i nowych sposob\u00f3w rozumienia technologicznej rzeczywisto\u015bci. Chcemy wypracowa\u0107 alternatyw\u0119 dla dominuj\u0105cego modelu rozwoju technoekonomicznego i transhumanistycznej wizji technologii, kt\u00f3re t\u0119 rzeczywisto\u015b\u0107 formatuj\u0105,&hellip; <a class=\"more-link\" href=\"https:\/\/ccts.aniamalinowska.com\/pl\/\">Czytaj dalej <span class=\"screen-reader-text\">CCTS<\/span><\/a><\/p>\n","protected":false},"author":1,"featured_media":0,"parent":0,"menu_order":0,"comment_status":"closed","ping_status":"closed","template":"","meta":{"footnotes":""},"class_list":["post-378","page","type-page","status-publish","hentry","entry"],"_links":{"self":[{"href":"https:\/\/ccts.aniamalinowska.com\/pl\/wp-json\/wp\/v2\/pages\/378","targetHints":{"allow":["GET"]}}],"collection":[{"href":"https:\/\/ccts.aniamalinowska.com\/pl\/wp-json\/wp\/v2\/pages"}],"about":[{"href":"https:\/\/ccts.aniamalinowska.com\/pl\/wp-json\/wp\/v2\/types\/page"}],"author":[{"embeddable":true,"href":"https:\/\/ccts.aniamalinowska.com\/pl\/wp-json\/wp\/v2\/users\/1"}],"replies":[{"embeddable":true,"href":"https:\/\/ccts.aniamalinowska.com\/pl\/wp-json\/wp\/v2\/comments?post=378"}],"version-history":[{"count":3,"href":"https:\/\/ccts.aniamalinowska.com\/pl\/wp-json\/wp\/v2\/pages\/378\/revisions"}],"predecessor-version":[{"id":417,"href":"https:\/\/ccts.aniamalinowska.com\/pl\/wp-json\/wp\/v2\/pages\/378\/revisions\/417"}],"wp:attachment":[{"href":"https:\/\/ccts.aniamalinowska.com\/pl\/wp-json\/wp\/v2\/media?parent=378"}],"curies":[{"name":"wp","href":"https:\/\/api.w.org\/{rel}","templated":true}]}}