{"id":412,"date":"2021-05-10T01:26:05","date_gmt":"2021-05-10T00:26:05","guid":{"rendered":"https:\/\/ccts.aniamalinowska.com\/?page_id=412"},"modified":"2021-05-10T01:26:05","modified_gmt":"2021-05-10T00:26:05","slug":"mapa-strony","status":"publish","type":"page","link":"https:\/\/ccts.aniamalinowska.com\/pl\/mapa-strony\/","title":{"rendered":"Mapa strony"},"content":{"rendered":"\n<h2 class=\"wp-block-heading\">Strony<\/h2>\n\n\n\n<ul class=\"wp-block-list\"><li><a href=\"https:\/\/ccts.aniamalinowska.com\/pl\/\" data-type=\"page\" data-id=\"378\">CCTS &#8211; strona g\u0142\u00f3wna<\/a><\/li><li><a href=\"https:\/\/ccts.aniamalinowska.com\/pl\/o-nas\/\" data-type=\"page\" data-id=\"356\">O nas<\/a><\/li><li><a href=\"https:\/\/ccts.aniamalinowska.com\/pl\/co-robimy\/\" data-type=\"page\" data-id=\"376\">Co robimy?<\/a><\/li><li><a href=\"https:\/\/ccts.aniamalinowska.com\/pl\/jak-pracujemy\/\" data-type=\"page\" data-id=\"374\">Jak pracujemy?<\/a><\/li><li><a href=\"https:\/\/ccts.aniamalinowska.com\/pl\/zespol\/\" data-type=\"page\" data-id=\"358\">Zesp\u00f3\u0142<\/a><\/li><li><a href=\"https:\/\/ccts.aniamalinowska.com\/pl\/projekty\/\" data-type=\"page\" data-id=\"362\">Projekty<\/a><\/li><li><a href=\"https:\/\/ccts.aniamalinowska.com\/pl\/wyniki\/\" data-type=\"page\" data-id=\"365\">Wyniki<\/a><\/li><li><a href=\"https:\/\/ccts.aniamalinowska.com\/pl\/dzialania\/\" data-type=\"page\" data-id=\"371\">Dzia\u0142ania<\/a><\/li><li><a href=\"https:\/\/ccts.aniamalinowska.com\/pl\/kontakt\/\" data-type=\"page\" data-id=\"354\">Kontakt<\/a><\/li><li><a href=\"https:\/\/ccts.aniamalinowska.com\/pl\/news\/\" data-type=\"page\" data-id=\"404\">News<\/a><ul><li><a href=\"https:\/\/ccts.aniamalinowska.com\/margret-grebowiczs-residency-in-philosophy-at-center-for-philosophical-tecnologies\/\">Residency in philosophy at AZU<\/a><\/li><li><a href=\"https:\/\/ccts.aniamalinowska.com\/penser-une-exosomatisation-neguanthropique-atelier-de-lecture-contributive-autour-de-bifurquer\/\">S\u00e9minaire autour de Bifurquer<\/a><\/li><li><a href=\"https:\/\/ccts.aniamalinowska.com\/mountains-and-desire\/\">Mountains and Desire<\/a><\/li><li><a href=\"https:\/\/ccts.aniamalinowska.com\/ania-malinowska-is-start-a-300-000-pln-project-on-affective-media-and-technologies-sponsored-by-polands-national-centre-of-science\/\">Project grant on affective media<\/a><\/li><\/ul><\/li><\/ul>\n","protected":false},"excerpt":{"rendered":"<p>Strony CCTS &#8211; strona g\u0142\u00f3wna O nas Co robimy? Jak pracujemy? Zesp\u00f3\u0142 Projekty Wyniki Dzia\u0142ania Kontakt News Residency in philosophy at AZU S\u00e9minaire autour de Bifurquer Mountains and Desire Project grant on affective media<\/p>\n","protected":false},"author":1,"featured_media":0,"parent":0,"menu_order":0,"comment_status":"closed","ping_status":"closed","template":"","meta":{"footnotes":""},"class_list":["post-412","page","type-page","status-publish","hentry","entry"],"_links":{"self":[{"href":"https:\/\/ccts.aniamalinowska.com\/pl\/wp-json\/wp\/v2\/pages\/412","targetHints":{"allow":["GET"]}}],"collection":[{"href":"https:\/\/ccts.aniamalinowska.com\/pl\/wp-json\/wp\/v2\/pages"}],"about":[{"href":"https:\/\/ccts.aniamalinowska.com\/pl\/wp-json\/wp\/v2\/types\/page"}],"author":[{"embeddable":true,"href":"https:\/\/ccts.aniamalinowska.com\/pl\/wp-json\/wp\/v2\/users\/1"}],"replies":[{"embeddable":true,"href":"https:\/\/ccts.aniamalinowska.com\/pl\/wp-json\/wp\/v2\/comments?post=412"}],"version-history":[{"count":1,"href":"https:\/\/ccts.aniamalinowska.com\/pl\/wp-json\/wp\/v2\/pages\/412\/revisions"}],"predecessor-version":[{"id":413,"href":"https:\/\/ccts.aniamalinowska.com\/pl\/wp-json\/wp\/v2\/pages\/412\/revisions\/413"}],"wp:attachment":[{"href":"https:\/\/ccts.aniamalinowska.com\/pl\/wp-json\/wp\/v2\/media?parent=412"}],"curies":[{"name":"wp","href":"https:\/\/api.w.org\/{rel}","templated":true}]}}